{"id":1212,"date":"2025-01-24T11:32:12","date_gmt":"2025-01-24T11:32:12","guid":{"rendered":"https:\/\/lena.theloyaltyco.app\/?page_id=1212"},"modified":"2026-03-27T13:02:21","modified_gmt":"2026-03-27T13:02:21","slug":"menus","status":"publish","type":"page","link":"https:\/\/biborestaurants.com\/es\/madrid\/menus\/","title":{"rendered":"Men\u00fas BiBo Madrid | Grupo Dani Garc\u00eda"},"content":{"rendered":"<section class=\"wpb-content-wrapper\"><p>[vc_section full_width=\u00bbstretch_row\u00bb el_class=\u00bbhero-wrapper inner-page-hero\u00bb css=\u00bb.vc_custom_1774013275415{background-image: url(https:\/\/biborestaurants.com\/wp-content\/uploads\/2026\/03\/Cabecera3_BIBO-scaled.png?id=4948) !important;}\u00bb][vc_row el_class=\u00bbcontent-box container\u00bb][vc_column][vc_custom_heading text=\u00bb{lang en_GB}<span>OUR<\/span> MENUS {\/lang}{lang es_ES}<span>Nuestros<\/span> MEN\u00daS {\/lang}\u00bb font_container=\u00bbtag:div|text_align:center\u00bb use_theme_fonts=\u00bbyes\u00bb el_class=\u00bbmain-heading-banner\u00bb][\/vc_column][\/vc_row][\/vc_section][vc_section full_width=\u00bbstretch_row\u00bb el_class=\u00bbmenu-wrapper-box-list menu-single-animtion bg-2&#8243;][vc_row el_class=\u00bbcontainer\u00bb][vc_column][vc_column_text]    <div class=\"row justify-content-center\">\n                    <div class=\"col-md-4\">\n                <article>\n                    <img decoding=\"async\" width=\"411\" height=\"350\" src=\"https:\/\/biborestaurants.com\/wp-content\/uploads\/2025\/10\/BBMAD_menu_bibo-express.jpg\" class=\"attachment-full size-full wp-post-image\" alt=\"\" srcset=\"https:\/\/biborestaurants.com\/wp-content\/uploads\/2025\/10\/BBMAD_menu_bibo-express.jpg 411w, https:\/\/biborestaurants.com\/wp-content\/uploads\/2025\/10\/BBMAD_menu_bibo-express-300x255.jpg 300w\" sizes=\"(max-width: 411px) 100vw, 411px\" style=\"width:100%;height:85.16%;max-width:411px;\" title=\"\">                    <div class=\"space_content\">\n                        <h4>BiBo Express Men\u00fa<\/h4>\n                        <p> Descubre una propuesta que une producto excepcional con sabores que emocionan.\r\n*Almuerzo de lunes a viernes, no festivos                        <\/p>\n                                                    <div class=\"comman-btn\">\n                                <a href=\"https:\/\/grupodanigarcia.com\/wp-content\/uploads\/CARTAS\/BIBO\/MADRID\/ES\/BIBOMADRID_EJECUTIVO.pdf?1774257864\" target=\"_blank\" rel=\"noopener\">Ver Men\u00fa<\/a>\n                            <\/div>\n                        \n                    <\/div>\n                <\/article>\n\n\n            <\/div>\n                        <div class=\"col-md-4\">\n                <article>\n                    <img decoding=\"async\" width=\"411\" height=\"350\" src=\"https:\/\/biborestaurants.com\/wp-content\/uploads\/2025\/01\/BBMAD_menu_general.jpg\" class=\"attachment-full size-full wp-post-image\" alt=\"\" srcset=\"https:\/\/biborestaurants.com\/wp-content\/uploads\/2025\/01\/BBMAD_menu_general.jpg 411w, https:\/\/biborestaurants.com\/wp-content\/uploads\/2025\/01\/BBMAD_menu_general-300x255.jpg 300w\" sizes=\"(max-width: 411px) 100vw, 411px\" style=\"width:100%;height:85.16%;max-width:411px;\" title=\"\">                    <div class=\"space_content\">\n                        <h4>A la carta<\/h4>\n                        <p> Descubre una propuesta que une producto excepcional con sabores que emocionan.                        <\/p>\n                                                    <div class=\"comman-btn\">\n                                <a href=\"https:\/\/grupodanigarcia.com\/wp-content\/uploads\/CARTAS\/BIBO\/MADRID\/ES\/BIBOMADRID_CARTA.pdf?1773306012\" target=\"_blank\" rel=\"noopener\">Ver Men\u00fa<\/a>\n                            <\/div>\n                        \n                    <\/div>\n                <\/article>\n\n\n            <\/div>\n                        <div class=\"col-md-4\">\n                <article>\n                    <img decoding=\"async\" width=\"411\" height=\"350\" src=\"https:\/\/biborestaurants.com\/wp-content\/uploads\/2025\/01\/BBMAD_menu_postres.jpg\" class=\"attachment-full size-full wp-post-image\" alt=\"\" srcset=\"https:\/\/biborestaurants.com\/wp-content\/uploads\/2025\/01\/BBMAD_menu_postres.jpg 411w, https:\/\/biborestaurants.com\/wp-content\/uploads\/2025\/01\/BBMAD_menu_postres-300x255.jpg 300w\" sizes=\"(max-width: 411px) 100vw, 411px\" style=\"width:100%;height:85.16%;max-width:411px;\" title=\"\">                    <div class=\"space_content\">\n                        <h4>Postres<\/h4>\n                        <p> En BiBo, nuestros postres son mucho m\u00e1s que el \u00faltimo bocado: son una celebraci\u00f3n del producto, de la t\u00e9cnica y de la memoria.                        <\/p>\n                                                    <div class=\"comman-btn\">\n                                <a href=\"https:\/\/grupodanigarcia.com\/wp-content\/uploads\/CARTAS\/BIBO\/MADRID\/ES\/BIBOMADRID_POSTRES.pdf?1773306548\" target=\"_blank\" rel=\"noopener\">Ver Men\u00fa<\/a>\n                            <\/div>\n                        \n                    <\/div>\n                <\/article>\n\n\n            <\/div>\n                        <div class=\"col-md-4\">\n                <article>\n                    <img decoding=\"async\" width=\"411\" height=\"350\" src=\"https:\/\/biborestaurants.com\/wp-content\/uploads\/2025\/10\/BBMAD_menu_brunch.jpg\" class=\"attachment-full size-full wp-post-image\" alt=\"\" srcset=\"https:\/\/biborestaurants.com\/wp-content\/uploads\/2025\/10\/BBMAD_menu_brunch.jpg 411w, https:\/\/biborestaurants.com\/wp-content\/uploads\/2025\/10\/BBMAD_menu_brunch-300x255.jpg 300w\" sizes=\"(max-width: 411px) 100vw, 411px\" style=\"width:100%;height:85.16%;max-width:411px;\" title=\"\">                    <div class=\"space_content\">\n                        <h4>Men\u00fa Brunch<\/h4>\n                        <p> BiBo recrea los sabores m\u00e1s viajeros en su propuesta de men\u00fa brunch. Irresistible.                        <\/p>\n                                                    <div class=\"comman-btn\">\n                                <a href=\"https:\/\/grupodanigarcia.com\/wp-content\/uploads\/CARTAS\/BIBO\/MADRID\/ES\/BIBOMADRID_BRUNCH.pdf?1773307281\" target=\"_blank\" rel=\"noopener\">Ver Men\u00fa<\/a>\n                            <\/div>\n                        \n                    <\/div>\n                <\/article>\n\n\n            <\/div>\n                        <div class=\"col-md-4\">\n                <article>\n                    <img decoding=\"async\" width=\"411\" height=\"350\" src=\"https:\/\/biborestaurants.com\/wp-content\/uploads\/2025\/01\/BBMAD_menu_alergenos.jpg\" class=\"attachment-full size-full wp-post-image\" alt=\"\" srcset=\"https:\/\/biborestaurants.com\/wp-content\/uploads\/2025\/01\/BBMAD_menu_alergenos.jpg 411w, https:\/\/biborestaurants.com\/wp-content\/uploads\/2025\/01\/BBMAD_menu_alergenos-300x255.jpg 300w\" sizes=\"(max-width: 411px) 100vw, 411px\" style=\"width:100%;height:85.16%;max-width:411px;\" title=\"\">                    <div class=\"space_content\">\n                        <h4>Al\u00e9rgenos<\/h4>\n                        <p> Consulta aqu\u00ed todo lo que necesitas saber para disfrutar una experiencia \u00fanica sin preocupaciones.                        <\/p>\n                                                    <div class=\"comman-btn\">\n                                <a href=\"https:\/\/grupodanigarcia.com\/wp-content\/uploads\/CARTAS\/BIBO\/MADRID\/ES\/BIBOMADRID_CARTA_ALERGENOS.pdf?1773823753\" target=\"_blank\" rel=\"noopener\">Ver Men\u00fa<\/a>\n                            <\/div>\n                        \n                    <\/div>\n                <\/article>\n\n\n            <\/div>\n                        <div class=\"col-md-4\">\n                <article>\n                    <img decoding=\"async\" width=\"411\" height=\"350\" src=\"https:\/\/biborestaurants.com\/wp-content\/uploads\/2025\/01\/BBMAD_menu_cocktails.jpg\" class=\"attachment-full size-full wp-post-image\" alt=\"\" srcset=\"https:\/\/biborestaurants.com\/wp-content\/uploads\/2025\/01\/BBMAD_menu_cocktails.jpg 411w, https:\/\/biborestaurants.com\/wp-content\/uploads\/2025\/01\/BBMAD_menu_cocktails-300x255.jpg 300w\" sizes=\"(max-width: 411px) 100vw, 411px\" style=\"width:100%;height:85.16%;max-width:411px;\" title=\"\">                    <div class=\"space_content\">\n                        <h4>Cocktails<\/h4>\n                        <p> Nuestros c\u00f3cteles son una manera perfecta de adentrarte en la esencia de BiBo Madrid.                        <\/p>\n                                                    <div class=\"comman-btn\">\n                                <a href=\"https:\/\/grupodanigarcia.com\/wp-content\/uploads\/CARTAS\/BIBO\/MADRID\/ES\/BIBOMADRID_COCKTAILS.pdf?1773307281\" target=\"_blank\" rel=\"noopener\">Ver Men\u00fa<\/a>\n                            <\/div>\n                        \n                    <\/div>\n                <\/article>\n\n\n            <\/div>\n                        <div class=\"col-md-4\">\n                <article>\n                    <img decoding=\"async\" width=\"411\" height=\"350\" src=\"https:\/\/biborestaurants.com\/wp-content\/uploads\/2025\/01\/BBMAD_menus_vinos.jpg\" class=\"attachment-full size-full wp-post-image\" alt=\"\" srcset=\"https:\/\/biborestaurants.com\/wp-content\/uploads\/2025\/01\/BBMAD_menus_vinos.jpg 411w, https:\/\/biborestaurants.com\/wp-content\/uploads\/2025\/01\/BBMAD_menus_vinos-300x255.jpg 300w\" sizes=\"(max-width: 411px) 100vw, 411px\" style=\"width:100%;height:85.16%;max-width:411px;\" title=\"\">                    <div class=\"space_content\">\n                        <h4>Bodega<\/h4>\n                        <p> En BiBo Madrid seleccionamos una variedad de vinos nacionales e internacionales pensados para acompa\u00f1ar cada uno de nuestros platos.                         <\/p>\n                                                    <div class=\"comman-btn\">\n                                <a href=\"https:\/\/grupodanigarcia.com\/wp-content\/uploads\/CARTAS\/BIBO\/MADRID\/BIBOMADRID_VINOS.pdf?1773306630\" target=\"_blank\" rel=\"noopener\">Ver Men\u00fa<\/a>\n                            <\/div>\n                        \n                    <\/div>\n                <\/article>\n\n\n            <\/div>\n                        <div class=\"col-md-4\">\n                <article>\n                    <img decoding=\"async\" width=\"411\" height=\"350\" src=\"https:\/\/biborestaurants.com\/wp-content\/uploads\/2025\/01\/BBMAD_menu_destilados.jpg\" class=\"attachment-full size-full wp-post-image\" alt=\"\" srcset=\"https:\/\/biborestaurants.com\/wp-content\/uploads\/2025\/01\/BBMAD_menu_destilados.jpg 411w, https:\/\/biborestaurants.com\/wp-content\/uploads\/2025\/01\/BBMAD_menu_destilados-300x255.jpg 300w\" sizes=\"(max-width: 411px) 100vw, 411px\" style=\"width:100%;height:85.16%;max-width:411px;\" title=\"\">                    <div class=\"space_content\">\n                        <h4>Destilados<\/h4>\n                        <p> Los destilados son otra opci\u00f3n para degustar las combinaciones m\u00e1s creativas de BiBo.                        <\/p>\n                                                    <div class=\"comman-btn\">\n                                <a href=\"https:\/\/grupodanigarcia.com\/wp-content\/uploads\/CARTAS\/BIBO\/MADRID\/BIBOMADRID_BEBIDAS.pdf?1773306630\" target=\"_blank\" rel=\"noopener\">Ver Men\u00fa<\/a>\n                            <\/div>\n                        \n                    <\/div>\n                <\/article>\n\n\n            <\/div>\n                <\/div>\n    [\/vc_column_text][\/vc_column][\/vc_row][\/vc_section][vc_section full_width=\u00bbstretch_row\u00bb el_class=\u00bbmenu-wrapper-box mnu menu-page-animtion bg-1&#8243; css=\u00bb.vc_custom_1772108119102{background-position: center !important;background-repeat: no-repeat !important;background-size: cover !important;}\u00bb][vc_row content_placement=\u00bbtop\u00bb el_class=\u00bbcontainer\u00bb][vc_column width=\u00bb1\/2&#8243; el_class=\u00bbtheiaStickySidebar left-private-details column-content leftSidebar\u00bb el_id=\u00bbsidebar-nav\u00bb][vc_custom_heading text=\u00bb{lang en_GB}<span>OUR<\/span> MENUS {\/lang}{lang es_ES}<span>Nuestros<\/span> MEN\u00daS {\/lang}\u00bb font_container=\u00bbtag:h2|text_align:left|color:%23ffffff\u00bb use_theme_fonts=\u00bbyes\u00bb el_class=\u00bbcomman-heading-style\u00bb][vc_column_text content_es_es=\u00bbRW4lMjBCaUJvJTIwTWFkcmlkJTIwY2VsZWJyYW1vcyUyMHVuYSUyMGNvY2luYSUyMHZpYWplcmElMjBjb24lMjByYSVDMyVBRGNlcyUyMGFuZGFsdXphcyUyQyUyMGRvbmRlJTIwY29tYmluYW1vcyUyMGNyZWF0aXZpZGFkJTJDJTIwdHJhZGljaSVDMyVCM24lMjB5JTIwdW5hJTIwbWlyYWRhJTIwYWJpZXJ0YSUyMGFsJTIwbXVuZG8uJTIwTnVlc3RyYSUyMGNhcnRhJTIwcmUlQzMlQkFuZSUyMGFsZ3Vub3MlMjBkZSUyMG51ZXN0cm9zJTIwcGxhdG9zJTIwbSVDMyVBMXMlMjBpYyVDMyVCM25pY29zJTIwJUUyJTgwJTk0bG9zJTIwQmlCbyUyMEhpdHMlRTIlODAlOTQlMjBqdW50byUyMGElMjBwcm9wdWVzdGFzJTIwZnIlQzMlQURhcyUyQyUyMGNhbGllbnRlcyUyQyUyMGNhcm5lcyUyQyUyMHBlc2NhZG9zJTIwYSUyMGxhJTIwYnJhc2ElMkMlMjBvcGNpb25lcyUyMGRlbCUyMGdyaWxsJTIweSUyMHVuYSUyMHNlbGVjY2klQzMlQjNuJTIwZGUlMjB0YXBhcyUyMHF1ZSUyMHJlZmxlamFuJTIwbnVlc3RyYSUyMHBlcnNvbmFsaWRhZCUyMG0lQzMlQTFzJTIwY29zbW9wb2xpdGEuJTBBJTBBRW5jb250cmFyJUMzJUExcyUyMGRlc2RlJTIwY2V2aWNoZXMlMkMlMjBndWFjYW1vbGVzJTIwaGVjaG9zJTIwYWwlMjBtb21lbnRvJTJDJTIwdGFydGFyZXMlMjB5JTIwc2FzaGltaXMlMkMlMjBoYXN0YSUyMGVsYWJvcmFjaW9uZXMlMjBlbiUyMGNhbGllbnRlJTIwY29tbyUyMGFsaXRhcyUyMGNydWppZW50ZXMlMkMlMjBzZXRhcyUyMG1haXRha2UlMjBmcml0YXMlMkMlMjBjcm9xdWV0YXMlMjBvJTIwd29udG9uLiUyMEVuJTIwbG9zJTIwcHJpbmNpcGFsZXMlMkMlMjB0ZSUyMGxsZXZhbW9zJTIwZGVzZGUlMjBlbCUyMGF0JUMzJUJBbiUyMHklMjBsYSUyMGx1YmluYSUyMGElMjBsYSUyMGJyYXNhJTIwaGFzdGElMjBjYXJuZXMlMjBjb21vJTIwbGElMjBQbHVtYSUyMEliJUMzJUE5cmljYSUyQyUyMGVsJTIwTWFncmV0JTIwZGUlMjBwYXRvJTIwbyUyMG51ZXN0cm8lMjBUb21haGF3ayUyMGRlJTIwdGVybmVyYS4lMjBZJTIwcG9yJTIwc3VwdWVzdG8lMkMlMjBubyUyMGZhbHRhbiUyMG51ZXN0cm9zJTIwY2wlQzMlQTFzaWNvcyUzQSUyMGVsJTIwQnJpb2NoZSUyMGRlJTIwUmFibyUyMGRlJTIwVG9ybyVDMiVBRSUyQyUyMGxhJTIwQmlCbyUyMEJ1cmdlciUyMEJ1bGwlQzIlQUUlMjBvJTIwbGElMjBMdWJpbmElMjBmcml0YSUyMGVuJTIwYWRvYm8u\u00bb el_class=\u00bbcomman-content montserrat-font\u00bb]At BiBo Madrid, we celebrate a travelling cuisine with Andalusian roots, combining creativity, tradition and an open view of the world. Our menu brings together some of our most iconic dishes \u2014the BiBo Hits\u2014 along with cold and hot dishes, grilled meat and fish, grill options and a selection of tapas that reflect our cosmopolitan personality.<\/p>\n<p>You&#8217;ll find everything from ceviches, freshly made guacamoles, tartares and sashimis to hot dishes such as crispy wings, fried maitake mushrooms, croquettes and wontons. For main courses, we offer everything from grilled tuna and sea bass to meats such as Iberian pork, duck magret, and our beef tomahawk. And of course, our classics are always on the menu: the Brioche de Rabo de Toro\u00ae, the BiBo Burger Bull\u00ae, and fried sea bass in marinade.[\/vc_column_text][vc_column_text el_class=\u00bbcomman-content\u00bb][\/vc_column_text][\/vc_column][vc_column width=\u00bb1\/2&#8243; el_class=\u00bbright-slider-wrapper column-img content pt-mobile-comman\u00bb][vc_single_image image=\u00bb4866&#8243; img_size=\u00bbfull\u00bb][\/vc_column][\/vc_row][\/vc_section][vc_section el_class=\u00bbinstagram-wrapper-box\u00bb][vc_row][vc_column][vc_single_image image=\u00bb97&#8243; img_size=\u00bbfull\u00bb alignment=\u00bbcenter\u00bb][\/vc_column][\/vc_row][\/vc_section]<\/p>\n<\/section>","protected":false},"excerpt":{"rendered":"<p>D\u00e9jate envolver por una exclusiva selecci\u00f3n de c\u00f3cteles de autor y bebidas premium. Cada trago es una experiencia \u00fanica, dise\u00f1ada para complementar a la perfecci\u00f3n los sabores de nuestra cocina a la brasa.<\/p>\n","protected":false},"author":1,"featured_media":0,"parent":1194,"menu_order":1,"comment_status":"closed","ping_status":"closed","template":"","meta":{"footnotes":""},"class_list":["post-1212","page","type-page","status-publish","hentry","entry"],"_links":{"self":[{"href":"https:\/\/biborestaurants.com\/es\/wp-json\/wp\/v2\/pages\/1212","targetHints":{"allow":["GET"]}}],"collection":[{"href":"https:\/\/biborestaurants.com\/es\/wp-json\/wp\/v2\/pages"}],"about":[{"href":"https:\/\/biborestaurants.com\/es\/wp-json\/wp\/v2\/types\/page"}],"author":[{"embeddable":true,"href":"https:\/\/biborestaurants.com\/es\/wp-json\/wp\/v2\/users\/1"}],"replies":[{"embeddable":true,"href":"https:\/\/biborestaurants.com\/es\/wp-json\/wp\/v2\/comments?post=1212"}],"version-history":[{"count":47,"href":"https:\/\/biborestaurants.com\/es\/wp-json\/wp\/v2\/pages\/1212\/revisions"}],"predecessor-version":[{"id":4949,"href":"https:\/\/biborestaurants.com\/es\/wp-json\/wp\/v2\/pages\/1212\/revisions\/4949"}],"up":[{"embeddable":true,"href":"https:\/\/biborestaurants.com\/es\/wp-json\/wp\/v2\/pages\/1194"}],"wp:attachment":[{"href":"https:\/\/biborestaurants.com\/es\/wp-json\/wp\/v2\/media?parent=1212"}],"curies":[{"name":"wp","href":"https:\/\/api.w.org\/{rel}","templated":true}]}}