{"id":1182,"date":"2025-01-24T11:21:51","date_gmt":"2025-01-24T11:21:51","guid":{"rendered":"https:\/\/lena.theloyaltyco.app\/?page_id=1182"},"modified":"2026-03-31T08:29:55","modified_gmt":"2026-03-31T07:29:55","slug":"menus","status":"publish","type":"page","link":"https:\/\/biborestaurants.com\/es\/tarifa\/menus\/","title":{"rendered":"Men\u00fas"},"content":{"rendered":"<section class=\"wpb-content-wrapper\"><p>[vc_section full_width=\u00bbstretch_row\u00bb el_class=\u00bbhero-wrapper inner-page-hero\u00bb css=\u00bb.vc_custom_1774365972092{background-image: url(https:\/\/biborestaurants.com\/wp-content\/uploads\/2026\/03\/BBTAR_menus_cabecera.jpg?id=5035) !important;}\u00bb][vc_row el_class=\u00bbcontent-box container\u00bb][vc_column][vc_custom_heading text=\u00bb{lang en_GB}<span>OUR<\/span> MENUS {\/lang}{lang es_ES}MEN\u00daS {\/lang}\u00bb font_container=\u00bbtag:div|text_align:center\u00bb use_theme_fonts=\u00bbyes\u00bb el_class=\u00bbmain-heading-banner\u00bb][\/vc_column][\/vc_row][\/vc_section][vc_section full_width=\u00bbstretch_row\u00bb el_class=\u00bbmenu-wrapper-box-list menu-single-animtion bg-2&#8243;][vc_row el_class=\u00bbcontainer\u00bb][vc_column][vc_column_text]    <div class=\"row justify-content-center\">\n                    <div class=\"col-md-4\">\n                <article>\n                    <img decoding=\"async\" width=\"411\" height=\"350\" src=\"https:\/\/biborestaurants.com\/wp-content\/uploads\/2026\/03\/BBtar_menus_general.jpg\" class=\"attachment-full size-full wp-post-image\" alt=\"\" srcset=\"https:\/\/biborestaurants.com\/wp-content\/uploads\/2026\/03\/BBtar_menus_general.jpg 411w, https:\/\/biborestaurants.com\/wp-content\/uploads\/2026\/03\/BBtar_menus_general-300x255.jpg 300w\" sizes=\"(max-width: 411px) 100vw, 411px\" style=\"width:100%;height:85.16%;max-width:411px;\" title=\"\">                    <div class=\"space_content\">\n                        <h4>Men\u00fa<\/h4>\n                        <p> En BiBo Tarifa vivimos la cocina como un viaje que combina sabores internacionales con el esp\u00edritu fresco y relajado de Valdevaqueros.                        <\/p>\n                                                    <div class=\"comman-btn\">\n                                <a href=\"https:\/\/grupodanigarcia.com\/wp-content\/uploads\/CARTAS\/BIBO\/TARIFA\/ES\/BIBOTARIFA_CARTA.pdf\" target=\"_blank\" rel=\"noopener\">Ver Men\u00fa<\/a>\n                            <\/div>\n                        \n                    <\/div>\n                <\/article>\n\n\n            <\/div>\n                        <div class=\"col-md-4\">\n                <article>\n                    <img decoding=\"async\" width=\"411\" height=\"350\" src=\"https:\/\/biborestaurants.com\/wp-content\/uploads\/2026\/03\/Frame-7.jpg\" class=\"attachment-full size-full wp-post-image\" alt=\"\" srcset=\"https:\/\/biborestaurants.com\/wp-content\/uploads\/2026\/03\/Frame-7.jpg 411w, https:\/\/biborestaurants.com\/wp-content\/uploads\/2026\/03\/Frame-7-300x255.jpg 300w\" sizes=\"(max-width: 411px) 100vw, 411px\" style=\"width:100%;height:85.16%;max-width:411px;\" title=\"\">                    <div class=\"space_content\">\n                        <h4>Al\u00e9rgenos<\/h4>\n                        <p> Consulta aqu\u00ed todo lo que necesitas saber para disfrutar una experiencia \u00fanica sin preocupaciones.                        <\/p>\n                                                    <div class=\"comman-btn\">\n                                <a href=\"https:\/\/grupodanigarcia.com\/wp-content\/uploads\/CARTAS\/BIBO\/TARIFA\/ES\/BIBOTARIFA_CARTA_ALERGENOS.pdf\" target=\"_blank\" rel=\"noopener\">Ver Men\u00fa<\/a>\n                            <\/div>\n                        \n                    <\/div>\n                <\/article>\n\n\n            <\/div>\n                <\/div>\n    [\/vc_column_text][\/vc_column][\/vc_row][\/vc_section][vc_section full_width=\u00bbstretch_row\u00bb el_class=\u00bbmenu-wrapper-box mnu menu-page-animtion bg-1&#8243; css=\u00bb.vc_custom_1772103780039{background-position: center !important;background-repeat: no-repeat !important;background-size: cover !important;}\u00bb][vc_row content_placement=\u00bbtop\u00bb el_class=\u00bbcontainer\u00bb][vc_column width=\u00bb1\/2&#8243; el_class=\u00bbtheiaStickySidebar left-private-details column-content leftSidebar\u00bb el_id=\u00bbsidebar-nav\u00bb][vc_custom_heading text=\u00bb{lang en_GB}<span>OUR<\/span> MENUS {\/lang}{lang es_ES}<span>nuestros<\/span> MEN\u00daS {\/lang}\u00bb font_container=\u00bbtag:h2|text_align:left|color:%23ffffff\u00bb use_theme_fonts=\u00bbyes\u00bb el_class=\u00bbcomman-heading-style\u00bb][vc_column_text content_es_es=\u00bbRW4lMjBCaUJvJTIwVGFyaWZhJTIwdml2aW1vcyUyMGxhJTIwY29jaW5hJTIwY29tbyUyMHVuJTIwdmlhamUlMjBxdWUlMjBjb21iaW5hJTIwc2Fib3JlcyUyMGludGVybmFjaW9uYWxlcyUyMGNvbiUyMGVsJTIwZXNwJUMzJUFEcml0dSUyMGZyZXNjbyUyMHklMjByZWxhamFkbyUyMGRlJTIwVmFsZGV2YXF1ZXJvcy4lMjBOdWVzdHJhJTIwY2FydGElMjByZSVDMyVCQW5lJTIwcGxhdG9zJTIwdmVyZGVzJTIweSUyMHZpYnJhbnRlcyUyQyUyMGJyaW9jaGVzJTIwaWMlQzMlQjNuaWNvcyUyQyUyMGd1aSVDMyVCMW9zJTIwYSUyMGxhJTIwZnJpdHVyYSUyMGFuZGFsdXphJTJDJTIwYnVyZ2VycyUyQyUyMGNhcm5lcyUyMGElMjBsYSUyMGJyYXNhJTIweSUyMHBpenphcyUyQyUyMHVubyUyMGRlJTIwbG9zJTIwZ3JhbmRlcyUyMHByb3RhZ29uaXN0YXMlMjBkZSUyMGxhJTIwY2FydGElMjBkZSUyMFRhcmlmYS4lMEElMEFDYWRhJTIwcGxhdG8lMjBlc3QlQzMlQTElMjBwZW5zYWRvJTIwcGFyYSUyMGRpc2ZydXRhcnNlJTIwZnJlbnRlJTIwYWwlMjBBdGwlQzMlQTFudGljbyUyQyUyMGVuJTIwdW4lMjBhbWJpZW50ZSUyMGpvdmVuJTIweSUyMGx1bWlub3NvJTIwcXVlJTIwaW52aXRhJTIwYSUyMGNvbXBhcnRpci4lMjBVbmElMjBleHBlcmllbmNpYSUyMGRpc2UlQzMlQjFhZGElMjBwYXJhJTIwc2Fib3JlYXIlMjBlbCUyMHZlcmFubyUyMGVuJTIwdG9kYXMlMjBzdXMlMjBmb3JtYXMu\u00bb el_class=\u00bbcomman-content montserrat-font\u00bb]At BiBo Tarifa, we experience cuisine as a journey that blends international flavors with the fresh and relaxed spirit of Valdevaqueros. Our menu features vibrant green dishes, iconic brioches, nods to Andalusian fried food, burgers, grilled meats, and a wide selection of dishes made with almadraba bluefin tuna, one of the stars of Beach House. Each dish is designed to be enjoyed overlooking the Atlantic, in a bright and youthful atmosphere that invites sharing.<\/p>\n<p>To complement your meal, we offer a diverse wine cellar and a menu of creative cocktails: crisp whites, full-bodied reds, ros\u00e9s, sherries, sparkling wines, and champagnes that pair perfectly with our cuisine. An experience designed to savor summer in all its forms.[\/vc_column_text][vc_column_text el_class=\u00bbcomman-content\u00bb][\/vc_column_text][\/vc_column][vc_column width=\u00bb1\/2&#8243; el_class=\u00bbright-slider-wrapper column-img content pt-mobile-comman\u00bb][vc_single_image image=\u00bb5093&#8243; img_size=\u00bbfull\u00bb el_falang_fake=\u00bb\u00bb][\/vc_column][\/vc_row][\/vc_section][vc_section el_class=\u00bbinstagram-wrapper-box\u00bb][vc_row][vc_column][vc_single_image image=\u00bb97&#8243; img_size=\u00bbfull\u00bb alignment=\u00bbcenter\u00bb][\/vc_column][\/vc_row][\/vc_section]<\/p>\n<\/section>","protected":false},"excerpt":{"rendered":"<p>D\u00e9jate llevar por una selecci\u00f3n exclusiva de c\u00f3cteles de autor y bebidas premium. Cada sorbo es una experiencia \u00fanica, creada para complementar a la perfecci\u00f3n los sabores de nuestra cocina a la brasa.<\/p>\n","protected":false},"author":1,"featured_media":0,"parent":1171,"menu_order":1,"comment_status":"closed","ping_status":"closed","template":"","meta":{"footnotes":""},"class_list":["post-1182","page","type-page","status-publish","hentry","entry"],"_links":{"self":[{"href":"https:\/\/biborestaurants.com\/es\/wp-json\/wp\/v2\/pages\/1182","targetHints":{"allow":["GET"]}}],"collection":[{"href":"https:\/\/biborestaurants.com\/es\/wp-json\/wp\/v2\/pages"}],"about":[{"href":"https:\/\/biborestaurants.com\/es\/wp-json\/wp\/v2\/types\/page"}],"author":[{"embeddable":true,"href":"https:\/\/biborestaurants.com\/es\/wp-json\/wp\/v2\/users\/1"}],"replies":[{"embeddable":true,"href":"https:\/\/biborestaurants.com\/es\/wp-json\/wp\/v2\/comments?post=1182"}],"version-history":[{"count":58,"href":"https:\/\/biborestaurants.com\/es\/wp-json\/wp\/v2\/pages\/1182\/revisions"}],"predecessor-version":[{"id":5094,"href":"https:\/\/biborestaurants.com\/es\/wp-json\/wp\/v2\/pages\/1182\/revisions\/5094"}],"up":[{"embeddable":true,"href":"https:\/\/biborestaurants.com\/es\/wp-json\/wp\/v2\/pages\/1171"}],"wp:attachment":[{"href":"https:\/\/biborestaurants.com\/es\/wp-json\/wp\/v2\/media?parent=1182"}],"curies":[{"name":"wp","href":"https:\/\/api.w.org\/{rel}","templated":true}]}}