{"id":1171,"date":"2025-01-24T10:33:21","date_gmt":"2025-01-24T10:33:21","guid":{"rendered":"https:\/\/lena.theloyaltyco.app\/?page_id=1171"},"modified":"2026-04-30T11:34:16","modified_gmt":"2026-04-30T10:34:16","slug":"tarifa","status":"publish","type":"page","link":"https:\/\/biborestaurants.com\/es\/tarifa\/","title":{"rendered":"BiBo Beach | Grupo Dani Garc\u00eda"},"content":{"rendered":"<section class=\"wpb-content-wrapper\"><p>[vc_section full_width=\u00bbstretch_row\u00bb el_class=\u00bbhero-wrapper\u00bb el_id=\u00bbtarifa\u00bb][vc_row el_class=\u00bbvideosmokedmadrid\u00bb][vc_column el_class=\u00bbcustom-banner-video-wrapper-row\u00bb css=\u00bb.vc_custom_1753783951649{padding-right: 0px !important;padding-left: 0px !important;}\u00bb][vc_column_text]<div class=\"banner_slider\">            <div>\n\n                <video  class=\"videoval\"  width=\"100%\"  playsinline loop autoplay muted>\n                        <source src=\"https:\/\/biborestaurants.com\/wp-content\/uploads\/2026\/04\/HORIZONTAL.mp4\" type=\"video\/mp4\">\n                      <\/video>                <div class=\"content-box container\">\n                                           <div class=\"main-heading-banner\">\n                            {lang en_GB}<span>WELCOME TO  <\/span>TUMBAO X BIBO {\/lang}{lang es_ES}<span>BIENVENIDO A <\/span>TUMBAO X BIBO{\/lang}\t\t\t\t\t<\/div>\n                        <span class=\"star-cricla d-none\"><img decoding=\"async\" src=\"\/wp-content\/uploads\/2025\/03\/star.png\" alt=\"\" title=\"\"><img decoding=\"async\"\n                                src=\"\/wp-content\/uploads\/2025\/03\/star.png\"><\/span>\n                                                                                                <\/div>\n\n\n            <\/div>\n        <\/div>[\/vc_column_text][\/vc_column][\/vc_row][\/vc_section][vc_section full_width=\u00bbstretch_row\u00bb el_class=\u00bbmenu-wrapper-box animation-paddings bg-1 section-cream\u00bb css=\u00bb.vc_custom_1761807721151{background-position: center !important;background-repeat: no-repeat !important;background-size: cover !important;}\u00bb][vc_row content_placement=\u00bbtop\u00bb el_class=\u00bbcontainer\u00bb][vc_column width=\u00bb1\/2&#8243; el_class=\u00bbleft-private-details column-content leftSidebar theiaStickySidebar\u00bb el_id=\u00bbsidebar-nav\u00bb][vc_custom_heading text=\u00bb{lang en_GB} <span>BiBo Beach:<\/span> The new era of BiBo and Tumbao Tarifa<br \/>\n{\/lang}{lang es_ES} <span>BiBo Beach:<\/span> La nueva era de BiBo y Tumbao Tarifa{\/lang}\u00bb font_container=\u00bbtag:h2|text_align:left|color:%23ffffff\u00bb use_theme_fonts=\u00bbyes\u00bb el_class=\u00bbcomman-heading-style\u00bb][vc_column_text content_es_es=\u00bbQmlCbyUyMFRhcmlmYSUyMGVzJTIwbGElMjB2ZXJzaSVDMyVCM24lMjBtJUMzJUExcyUyMGludGVybmFjaW9uYWwlMkMlMjBkZXNlbmZhZGFkYSUyMHklMjB2ZXJhbmllZ2ElMjBkZSUyMGxhJTIwY29jaW5hJTIwZGUlMjBEYW5pJTIwR2FyYyVDMyVBRGEuJTIwJTBBRW4lMjBwbGVuYSUyMHBsYXlhJTIwZGUlMjBWYWxkZXZhcXVlcm9zJTJDJTIwZG9uZGUlMjBsYXMlMjBjb21ldGFzJTIwcGludGFuJTIwZWwlMjBjaWVsbyUyMHklMjBlbCUyMEF0bCVDMyVBMW50aWNvJTIwbWFyY2ElMjBlbCUyMHJpdG1vJTJDJTIwJTBBbnVlc3RybyUyMGNvbmNlcHRvJTIwdmlhamVybyUyMGNvYnJhJTIwdmlkYSUyMGVuJTIwdW4lMjBlbnRvcm5vJTIwcGFyYWRpcyVDMyVBRGFjby4lMEElMEFFbiUyMGxhJTIwdGVtcG9yYWRhJTIwMjAyNiUyQyUyMEJpQm8lMjBldm9sdWNpb25hLiUyMENvbiUyMGxhJTIwaW50ZWdyYWNpJUMzJUIzbiUyMGRlJTIwVHVtYmFvJTIwVGFyaWZhJTJDJTIwc2UlMjBhbXBsJUMzJUFEYSUyMGxhJTIwZW5lcmclQzMlQURhJTIweSUyMGxhJTIwZXNlbmNpYSUyMGRlJTIwbGElMjBjb3N0YSUzQSUyMGRpc2ZydXRhciUyMHNpbiUyMHByaXNhcyUyQyUyMHZpdmlyJTIwZWwlMjBtb21lbnRvJTIweSUyMGRlamFyc2UlMjBsbGV2YXIlMjBwb3IlMjBlbCUyMGVudG9ybm8uJTIwRXN0YSUyMHVuaSVDMyVCM24lMjBjcmVhJTIwdW5hJTIwZXhwZXJpZW5jaWElMjAlQzMlQkFuaWNhJTIwZG9uZGUlMjBsYSUyMGdhc3Ryb25vbSVDMyVBRGElMjBkZSUyMEJpQm8lMjBzZSUyMGVuY3VlbnRyYSUyMGNvbiUyMGxhJTIwYWN0aXR1ZCUyMHJlbGFqYWRhJTIwZSUyMGljJUMzJUIzbmljYSUyMGRlJTIwVHVtYmFvJTJDJTIwbG9ncmFuZG8lMjB1biUyMGVzcGFjaW8lMjBzZW5zb3JpYWwlMjBwcm9mdW5kYW1lbnRlJTIwbGlnYWRvJTIwYWwlMjByaXRtbyUyMGRlbCUyMHN1ci4lMEElMEFVbiUyMHB1bnRvJTIwZGUlMjBlbmN1ZW50cm8lMjBwYXJhJTIwZ2VudGUlMjBkZSUyMHRvZGFzJTIwcGFydGVzJTNCJTIwdW4lMjBsdWdhciUyMGRvbmRlJTIwZWwlMjB2ZXJhbm8lMjBzZSUyMHZpdmUlMjBpbnRlbnNhbWVudGUlMkMlMjBlbnRyZSUyMGVsJTIwbWFyJTIweSUyMGxhJTIwYXJlbmElMkMlMjBjb24lMjB1bmElMjBnYXN0cm9ub20lQzMlQURhJTIwZGluJUMzJUExbWljYSUyQyUyMGdsb2JhbCUyMHklMjBkaXZlcnRpZGEuJTIwQXF1JUMzJUFEJTJDJTIwY2FkYSUyMHBsYXRvJTIwbmFjZSUyMGRlJTIwbG9zJTIwdmlhamVzJTIwZGUlMjBEYW5pJTIwR2FyYyVDMyVBRGElMjB5JTIwc2UlMjBhZGFwdGElMjBhJTIwZXN0ZSUyMHJpbmMlQzMlQjNuJTIwZXNwZWNpYWwlMjBkZSUyMFRhcmlmYSUyQyUyMGVuJTIwZWwlMjBxdWUlMjBlbCUyMGFtYmllbnRlJTIwam92ZW4lMkMlMjBsYSUyMG5hdHVyYWxlemElMjB5JTIwbGElMjBsaWJlcnRhZCUyMGRlZmluZW4lMjBjYWRhJTIwaW5zdGFudGUuJTBB\u00bb el_class=\u00bbcomman-content\u00bb]BiBo Tarifa is the most international, laid-back and summery take on Dani Garc\u00eda\u2019s cuisine. Right on Valdevaqueros beach, where kites paint the sky and the Atlantic sets the pace, our travelling concept comes to life in an idyllic setting.<\/p>\n<p>In the 2026 season, BiBo evolves. With the integration of Tumbao Tarifa, the energy and essence of the coast are amplified: enjoying life at a leisurely pace, living in the moment and letting yourself be carried away by the surroundings. This union creates a unique experience where BiBo\u2019s cuisine meets Tumbao\u2019s relaxed and iconic attitude, resulting in a sensory space deeply connected to the rhythm of the south.<\/p>\n<p>A meeting place for people from all over; a place where summer is lived to the full, between the sea and the sand, with a dynamic, global and fun cuisine. Here, every dish is inspired by Dani Garc\u00eda\u2019s travels and adapted to this special corner of Tarifa, where a youthful atmosphere, nature and freedom define every moment.[\/vc_column_text][vc_btn title=\u00bbSee Menus\u00bb title_es_es=\u00bbVer Cartas\u00bb link_es_es=\u00bburl:https%3A%2F%2Fbiborestaurants.com%2Fes%2Fmarbella%2Fmenus%2F|title:Menu\u00bb link=\u00bburl:https%3A%2F%2Fbiborestaurants.com%2Fen%2Fmarbella%2Fmenus%2F|title:MENUS\u00bb el_class=\u00bb.comman-btn\u00bb][\/vc_column][vc_column width=\u00bb1\/2&#8243; el_class=\u00bbright-slider-wrapper column-img content\u00bb][vc_column_text el_class=\u00bbavails-slider-comman\u00bb]    <div class=\"slider-two owl-carousel owl-theme\">\n                    <div class=\"item\">\n                <article>\n                    <a href=\"https:\/\/grupodanigarcia.com\/wp-content\/uploads\/CARTAS\/BIBO\/TARIFA\/ES\/BIBOTARIFA_CARTA.pdf\" target=\"blank\" rel=\"noopener\"><img decoding=\"async\" width=\"411\" height=\"350\" src=\"https:\/\/biborestaurants.com\/wp-content\/uploads\/2026\/03\/BBtar_menus_general.jpg\" class=\"attachment-full size-full wp-post-image\" alt=\"\" srcset=\"https:\/\/biborestaurants.com\/wp-content\/uploads\/2026\/03\/BBtar_menus_general.jpg 411w, https:\/\/biborestaurants.com\/wp-content\/uploads\/2026\/03\/BBtar_menus_general-300x255.jpg 300w\" sizes=\"(max-width: 411px) 100vw, 411px\" style=\"width:100%;height:85.16%;max-width:411px;\" title=\"\"><\/a>\n                    <div class=\"space_content_menu\">\n                        <h4>Men\u00fa<\/h4>\n                        <p>En BiBo Tarifa vivimos la cocina como un viaje que combina sabores internacionales con el esp\u00edritu fresco y relajado de Valdevaqueros.<\/p>\n\n\n                    <\/div>\n                <\/article>\n\n\n            <\/div>\n                        <div class=\"item\">\n                <article>\n                    <a href=\"https:\/\/grupodanigarcia.com\/wp-content\/uploads\/CARTAS\/BIBO\/TARIFA\/ES\/BIBOTARIFA_CARTA_ALERGENOS.pdf\" target=\"blank\" rel=\"noopener\"><img decoding=\"async\" width=\"411\" height=\"350\" src=\"https:\/\/biborestaurants.com\/wp-content\/uploads\/2026\/03\/Frame-7.jpg\" class=\"attachment-full size-full wp-post-image\" alt=\"\" srcset=\"https:\/\/biborestaurants.com\/wp-content\/uploads\/2026\/03\/Frame-7.jpg 411w, https:\/\/biborestaurants.com\/wp-content\/uploads\/2026\/03\/Frame-7-300x255.jpg 300w\" sizes=\"(max-width: 411px) 100vw, 411px\" style=\"width:100%;height:85.16%;max-width:411px;\" title=\"\"><\/a>\n                    <div class=\"space_content_menu\">\n                        <h4>Al\u00e9rgenos<\/h4>\n                        <p>Consulta aqu\u00ed todo lo que necesitas saber para disfrutar una experiencia \u00fanica sin preocupaciones.<\/p>\n\n\n                    <\/div>\n                <\/article>\n\n\n            <\/div>\n                <\/div>\n    [\/vc_column_text][\/vc_column][\/vc_row][\/vc_section][vc_section full_width=\u00bbstretch_row\u00bb content_placement=\u00bbmiddle\u00bb el_class=\u00bbcomman-box-wrapper bg-2 section-green-light\u00bb][vc_row content_placement=\u00bbmiddle\u00bb][vc_column width=\u00bb1\/3&#8243; el_class=\u00bbimg-card-inner\u00bb][vc_single_image image=\u00bb5029&#8243; img_size=\u00bbfull\u00bb][\/vc_column][vc_column width=\u00bb1\/3&#8243; el_class=\u00bbcontent-box-center-comman\u00bb][vc_custom_heading text=\u00bb{lang en_GB} <span>Philosophy<\/span>Tumbao x BiBo Tarifa{\/lang}{lang es_ES} <span> Filosof\u00eda<\/span> Tumbao x BiBo Tarifa{\/lang}\u00bb font_container=\u00bbtag:h2|text_align:center\u00bb use_theme_fonts=\u00bbyes\u00bb][vc_column_text content_es_es=\u00bbRW4lMjBCaUJvJTIwQmVhY2glMjBIb3VzZSUyMGNvbnRhbW9zJTIwY29uJTIwdmFyaW9zJTIwZXNwYWNpb3MlMjBwZW5zYWRvcyUyMHBhcmElMjBkaXNmcnV0YXIlMjBzaW4lMjByZWxvaiUyQyUyMGFkZW0lQzMlQTFzJTIwZGUlMjB1bmElMjBlc2N1ZWxhJTIwZGUlMjBzdXJmJTIwcXVlJTIwZm9ybWElMjBwYXJ0ZSUyMGRlJTIwbnVlc3RyYSUyMGlkZW50aWRhZC4lMEElMEFDb24lMjBsYSUyMGluY29ycG9yYWNpJUMzJUIzbiUyMGRlJTIwbGElMjBlc2VuY2lhJTIwZGUlMjBUdW1iYW8lMjBUYXJpZmElMkMlMjBsYSUyMGV4cGVyaWVuY2lhJTIwc2UlMjBhbXBsaWZpY2ElM0ElMjBtJUMzJUExcyUyMHF1ZSUyMHVuJTIwZGVzdGlubyUyMGdhc3Ryb24lQzMlQjNtaWNvJTJDJTIwc29tb3MlMjBlbCUyMGx1Z2FyJTIwZGUlMjByZWZlcmVuY2lhJTIwcGFyYSUyMGNvbXBhcnRpciUyQyUyMGNvbmVjdGFyJTIweSUyMHNhYm9yZWFyJTIwbGElMjB2aWRhLiUyMFVuJTIwZXNwYWNpbyUyMHBlcmZlY3RvJTIwcGFyYSUyMGFtaWdvcyUyQyUyMGZhbWlsaWElMkMlMjBwYXJlamElMjBvJTIwY3VhbHF1aWVyYSUyMHF1ZSUyMHF1aWVyYSUyMHN1bWFyc2UlMjBhJTIwZXN0YSUyMGZvcm1hJTIwZGUlMjBlbnRlbmRlciUyMGVsJTIwdmVyYW5vJTJDJTIwdW5pZW5kbyUyMGxvJTIwbWVqb3IlMjBkZSUyMGxhJTIwY29jaW5hJTIwZGUlMjBhdXRvciUyMHklMjBlbCUyMG1lam9yJTIwYW1iaWVudGUlMjBhJTIwcGllJTIwZGUlMjBwbGF5YS4=\u00bb]At BiBo Beach House, we have a range of spaces designed for carefree enjoyment, as well as a surf school that is an integral part of who we are.<\/p>\n<p>With the addition of the essence of Tumbao Tarifa, the experience is amplified: more than just a gastronomic destination, we are the go-to place for sharing, connecting and savouring life. A perfect spot for friends, family, couples or anyone who wants to join in this way of experiencing summer, combining the best of signature cuisine with the best beachside atmosphere.[\/vc_column_text][\/vc_column][vc_column width=\u00bb1\/3&#8243; el_class=\u00bbimg-card-inner\u00bb][vc_single_image image=\u00bb5030&#8243; img_size=\u00bbfull\u00bb][\/vc_column][\/vc_row][\/vc_section][vc_section full_width=\u00bbstretch_row\u00bb disable_element=\u00bbyes\u00bb el_class=\u00bbgift-card-wrapper-box second-sec-ani bg-1&#8243;][vc_row content_placement=\u00bbmiddle\u00bb disable_element=\u00bbyes\u00bb el_class=\u00bbcontainer\u00bb][vc_column width=\u00bb1\/2&#8243; el_id=\u00bbleft-card-inner\u00bb][vc_custom_heading text=\u00bb{lang en_GB} <span>WINE <\/span> SELECTION{\/lang}{lang es_ES} WINE SELECTION {\/lang}\u00bb font_container=\u00bbtag:h2|text_align:left|color:%23ffffff\u00bb use_theme_fonts=\u00bbyes\u00bb el_class=\u00bbcomman-heading-style\u00bb][vc_column_text content_es_es=\u00bbJTNDc3Ryb25nJTNFUmVnYWxhJTIwZXhwZXJpZW5jaWFzJTNDJTJGc3Ryb25nJTNFJTIwY29uJTIwTGUlQzMlQjFhJTIwTWFyYmVsbGElM0ElMjBtb21lbnRvcyUyMCVDMyVCQW5pY29zJTJDJTIwc2Fib3JlcyUyMGElMjBsYSUyMGJyYXNhJTJDJTIwJTNDc3Ryb25nJTNFZXhxdWlzaXRhcyUyMGNhcm5lcyUzQyUyRnN0cm9uZyUzRSUyMHklMjB1biUyMHRvcXVlJTIwaW5vbHZpZGFibGUu\u00bb el_class=\u00bbcomman-content\u00bb]Lorem ipsum dolor sit amet, consectetur adipiscing elit, sed do eiusmod tempor incididunt ut labore et dolore magna aliqua. Ut enim ad minim veniam, quis nostrud exercitation ullamco laboris nisi ut aliquip ex ea commodo consequat.[\/vc_column_text][vc_btn title=\u00bbWine Selection\u00bb title_es_es=\u00bbRegala\u00bb link_es_es=\u00bburl:https%3A%2F%2Fgrupodanigarcia.com%2Fshop%2Fetiqueta%2Flena%2F\u00bb title_ca=\u00bbRegala\u00bb link=\u00bburl:%23&#8243; el_class=\u00bb.comman-btn\u00bb][\/vc_column][vc_column width=\u00bb1\/2&#8243; el_class=\u00bbright-card-inner\u00bb][vc_column_text]    <div class=\"slider-two owl-carousel owl-theme\">\n        \n    <\/div>\n    [\/vc_column_text][\/vc_column][\/vc_row][\/vc_section][vc_section full_width=\u00bbstretch_row\u00bb el_class=\u00bbleena-story-wrapper bg-1&#8243;][vc_row content_placement=\u00bbmiddle\u00bb el_class=\u00bbcontainer\u00bb][vc_column width=\u00bb1\/2&#8243; el_class=\u00bbleft-story-slider\u00bb][vc_column_text]<span><\/span>[\/vc_column_text][\/vc_column][vc_column width=\u00bb1\/2&#8243; el_class=\u00bbright-leena-story\u00bb][vc_custom_heading text=\u00bb{lang en_GB} <span>BiBo Beach<\/span> story{\/lang}{lang es_ES} <span> Historia <\/span> BiBo Beach{\/lang}\u00bb font_container=\u00bbtag:h2|text_align:right|color:%232e2e2e\u00bb use_theme_fonts=\u00bbyes\u00bb el_class=\u00bbcomman-heading-style right-after\u00bb][vc_column_text content_es_es=\u00bbQmlCbyUyMG5hY2klQzMlQjMlMjBlbiUyME1hcmJlbGxhJTIwZW4lMjAyMDE0JTIwY29tbyUyMGxhJTIwcHJvcHVlc3RhJTIwbSVDMyVBMXMlMjBsaWJyZSUyQyUyMGNyZWF0aXZhJTIwZSUyMGludGVybmFjaW9uYWwlMjBkZSUyMERhbmklMjBHYXJjJUMzJUFEYS4lMjBVbmElMjBjb2NpbmElMjBxdWUlMjB1biVDMyVBRGElMjByYSVDMyVBRGNlcyUyMGFuZGFsdXphcyUyMGNvbiUyMHNhYm9yZXMlMjBkZWwlMjBtdW5kbyUyQyUyMHBlbnNhZGElMjBwYXJhJTIwZGlzZnJ1dGFyJTIwc2luJTIwZm9ybWFsaWRhZGVzJTIweSUyMGNvbiUyMGVsJTIwc2VsbG8lMjB2aWFqZXJvJTIwZGVsJTIwY2hlZi4lMEElMEFFbCUyMGNvbmNlcHRvJTIwY29udGludSVDMyVCMyUyMGNyZWNpZW5kbyUyMHklMjBlbiUyMDIwMTYlMjBhYnJpJUMzJUIzJTIwc3VzJTIwcHVlcnRhcyUyMEJpQm8lMjBNYWRyaWQlMkMlMjBjb25zb2xpZGFuZG8lMjBsYSUyMG1hcmNhJTIwZW4lMjBsYSUyMGNhcGl0YWwlMjBjb24lMjB1biUyMGVzcGFjaW8lMjBjb3Ntb3BvbGl0YSUyMHF1ZSUyMHVuJUMzJUFEYSUyMGJyYXNlciVDMyVBRGElMkMlMjB0YXBhcyUyMHklMjBwbGF0b3MlMjBpYyVDMyVCM25pY29zJTIwaW5zcGlyYWRvcyUyMGVuJTIwbG9zJTIwdmlhamVzJTIwZGUlMjBEYW5pJTIwR2FyYyVDMyVBRGEuJTBBJTBBRW4lMjAyMDE5JTJDJTIwQmlCbyUyMGxsZWclQzMlQjMlMjBhJTIwbGElMjBwbGF5YSUyMGRlJTIwVmFsZGV2YXF1ZXJvcyUyMGNvbiUyMEJpQm8lMjBUYXJpZmElMkMlMjBsYSUyMHZlcnNpJUMzJUIzbiUyMG0lQzMlQTFzJTIwdmVyYW5pZWdhJTJDJTIwZnJlc2NhJTIweSUyMGF2ZW50dXJlcmElMjBkZWwlMjBjb25jZXB0by4lMjBIb3klMkMlMjBsYSUyMGV2b2x1Y2klQzMlQjNuJTIwbmF0dXJhbCUyMG5vcyUyMGxsZXZhJTIwYSUyMGZ1c2lvbmFyJTIwbGElMjBjb2NpbmElMjBpbnRlcm5hY2lvbmFsJTIwY29uJTIwZWwlMjBlc3AlQzMlQURyaXR1JTIwbGlicmUlMjBkZWwlMjBBdGwlQzMlQTFudGljbyUyMHklMjBsYSUyMG0lQzMlQUR0aWNhJTIwZW5lcmclQzMlQURhJTIwZGUlMjBUdW1iYW8lMjBUYXJpZmElMjBlbiUyMG51ZXN0cm8lMjBCZWFjaCUyMEhvdXNlLiUwQSUwQVRyZXMlMjBkZXN0aW5vcyUyQyUyMHVuYSUyMG1pc21hJTIwZXNlbmNpYSUzQSUyMHZpYWphciUyMGElMjB0cmF2JUMzJUE5cyUyMGRlbCUyMHNhYm9yLg==\u00bb el_class=\u00bbcomman-content montserrat-font\u00bb]BiBo was founded in Marbella in 2014 as Dani Garc\u00eda\u2019s most free-spirited, creative and international venture. A cuisine that blended Andalusian roots with flavours from around the world, designed to be enjoyed in an informal setting and bearing the chef\u2019s signature global flair.<\/p>\n<p>The concept continued to grow and in 2016 BiBo Madrid opened its doors, establishing the brand in the capital with a cosmopolitan venue combining a grill, tapas and iconic dishes inspired by Dani Garc\u00eda\u2019s travels.<\/p>\n<p>In 2019, BiBo arrived on Valdevaqueros beach with BiBo Tarifa, the concept\u2019s most summery, fresh and adventurous version. Today, the natural evolution leads us to fuse international cuisine with the free spirit of the Atlantic and the legendary energy of Tumbao Tarifa at our Beach House.<\/p>\n<p>Three destinations, one essence: travelling through flavour.[\/vc_column_text][\/vc_column][\/vc_row][\/vc_section][vc_section full_width=\u00bbstretch_row\u00bb el_class=\u00bbcomman-two-image-block\u00bb][vc_row][vc_column width=\u00bb1\/2&#8243;][vc_single_image image=\u00bb5090&#8243; img_size=\u00bbfull\u00bb][\/vc_column][vc_column width=\u00bb1\/2&#8243;][vc_single_image image=\u00bb5091&#8243; img_size=\u00bbfull\u00bb][\/vc_column][\/vc_row][\/vc_section][vc_section full_width=\u00bbstretch_row\u00bb el_class=\u00bbcontact-info-details bg-2&#8243;][vc_row el_class=\u00bbcontainer-fluid one\u00bb][vc_column width=\u00bb1\/3&#8243;][vc_custom_heading text=\u00bb{lang en_GB} Contact {\/lang}{lang es_ES} Contacto {\/lang}{lang ca} Contacte {\/lang}\u00bb font_container=\u00bbtag:h2|text_align:center\u00bb use_theme_fonts=\u00bbyes\u00bb][vc_column_text content_es_es=\u00bbcmVzZXJ2YXMlNDBncnVwb2RhbmlnYXJjaWEuY29tJTBBOTU2JTIwOTIlMjA2NCUyMDIy\u00bb]<a href=\"mailto:reservas@grupodanigarcia.com\">reservas@grupodanigarcia.com<\/a><br \/>\n956 92 64 22[\/vc_column_text][\/vc_column][vc_column width=\u00bb1\/3&#8243;][vc_custom_heading text=\u00bb{lang en_GB} Location {\/lang}{lang es_ES} Ubicaci\u00f3n {\/lang}{lang ca} Ubicaci\u00f3 {\/lang}\u00bb font_container=\u00bbtag:h2|text_align:center\u00bb use_theme_fonts=\u00bbyes\u00bb][vc_column_text content_es_es=\u00bbQmlCbyUyMC0lMjBUYXJpZmElMEElMEFOYWNpb25hbCUyMDM0MCUyMEttJTIwNzYlMkM2LiUyMFBsYXlhJTIwVmFsZGV2YXF1ZXJvcyUyMC4lMjBUYXJpZmElMkMlMjAxMTM4MCUyQw==\u00bb]<a href=\"https:\/\/www.google.com\/maps\/place\/\/data=!4m2!3m1!1s0xd0c8bfd1a477663:0xe09568052dc21a5d?sa=X&amp;ved=1t:8290&amp;ictx=111\" target=\"_blank\" rel=\"noopener\">BiBo &#8211; Tarifa<\/a><\/p>\n<div class=\"M2Cv8e hP3ybd\">\n<div class=\"gqkR3b hP3ybd\"><a href=\"https:\/\/www.google.com\/maps\/place\/\/data=!4m2!3m1!1s0xd0c8bfd1a477663:0xe09568052dc21a5d?sa=X&amp;ved=1t:8290&amp;ictx=111\" target=\"_blank\" rel=\"noopener\">Nacional 340 Km 76,6. Playa Valdevaqueros . Tarifa, 11380,<\/a><\/div>\n<\/div>\n<p>[\/vc_column_text][\/vc_column][vc_column width=\u00bb1\/3&#8243;][vc_custom_heading text=\u00bb{lang en_GB} Opening times {\/lang}{lang es_ES} Horario de apertura {\/lang}{lang ca} Horaris d&#8217;obertura {\/lang}\u00bb font_container=\u00bbtag:h2|text_align:center\u00bb use_theme_fonts=\u00bbyes\u00bb][vc_column_text content_es_es=\u00bbJTNDc3Ryb25nJTNFSG9yYXJpb3MlM0MlMkZzdHJvbmclM0UlMEElMEFDb2NpbmElMjBkZSUyMDEzJTIwYSUyMDE4JTBBJTBBU2FsYSUyMDEyJTIwYSUyMDIy\u00bb]<strong>Hours<\/strong><\/p>\n<p>Kitchen from 13 to 18<\/p>\n<p>Restaurant from 12 to 22[\/vc_column_text][\/vc_column][\/vc_row][\/vc_section][vc_section el_class=\u00bbinstagram-wrapper-box\u00bb][vc_row][vc_column][vc_single_image image=\u00bb97&#8243; img_size=\u00bbfull\u00bb alignment=\u00bbcenter\u00bb][\/vc_column][\/vc_row][\/vc_section]<\/p>\n<\/section>","protected":false},"excerpt":{"rendered":"<p>D\u00e9jate llevar por una selecci\u00f3n exclusiva de c\u00f3cteles de autor y bebidas premium. Cada sorbo es una experiencia \u00fanica, creada para complementar a la perfecci\u00f3n los sabores de nuestra cocina a la brasa.<\/p>\n","protected":false},"author":1,"featured_media":0,"parent":0,"menu_order":0,"comment_status":"closed","ping_status":"closed","template":"","meta":{"footnotes":""},"class_list":["post-1171","page","type-page","status-publish","hentry","entry"],"_links":{"self":[{"href":"https:\/\/biborestaurants.com\/es\/wp-json\/wp\/v2\/pages\/1171","targetHints":{"allow":["GET"]}}],"collection":[{"href":"https:\/\/biborestaurants.com\/es\/wp-json\/wp\/v2\/pages"}],"about":[{"href":"https:\/\/biborestaurants.com\/es\/wp-json\/wp\/v2\/types\/page"}],"author":[{"embeddable":true,"href":"https:\/\/biborestaurants.com\/es\/wp-json\/wp\/v2\/users\/1"}],"replies":[{"embeddable":true,"href":"https:\/\/biborestaurants.com\/es\/wp-json\/wp\/v2\/comments?post=1171"}],"version-history":[{"count":282,"href":"https:\/\/biborestaurants.com\/es\/wp-json\/wp\/v2\/pages\/1171\/revisions"}],"predecessor-version":[{"id":5105,"href":"https:\/\/biborestaurants.com\/es\/wp-json\/wp\/v2\/pages\/1171\/revisions\/5105"}],"wp:attachment":[{"href":"https:\/\/biborestaurants.com\/es\/wp-json\/wp\/v2\/media?parent=1171"}],"curies":[{"name":"wp","href":"https:\/\/api.w.org\/{rel}","templated":true}]}}